{"id":156,"date":"2025-04-14T13:05:56","date_gmt":"2025-04-14T12:05:56","guid":{"rendered":"https:\/\/dsoe.dk\/?page_id=156"},"modified":"2025-04-30T12:32:56","modified_gmt":"2025-04-30T10:32:56","slug":"contact-us","status":"publish","type":"page","link":"https:\/\/dsoe.dk\/?page_id=156","title":{"rendered":"Kontakt os"},"content":{"rendered":"\t\t<div data-elementor-type=\"wp-page\" data-elementor-id=\"156\" class=\"elementor elementor-156\" data-elementor-post-type=\"page\">\n\t\t\t\t<div class=\"elementor-element elementor-element-6d052474 e-con-full e-flex e-con e-parent\" data-id=\"6d052474\" data-element_type=\"container\">\n\t\t<div class=\"elementor-element elementor-element-453afc61 e-con-full e-flex e-con e-child\" data-id=\"453afc61\" data-element_type=\"container\">\n\t\t\t\t<div class=\"elementor-element elementor-element-5d10f65e elementor-widget elementor-widget-heading\" data-id=\"5d10f65e\" data-element_type=\"widget\" data-widget_type=\"heading.default\">\n\t\t\t\t<div class=\"elementor-widget-container\">\n\t\t\t\t\t<h1 class=\"elementor-heading-title elementor-size-default\">Kontakt os<\/h1>\t\t\t\t<\/div>\n\t\t\t\t<\/div>\n\t\t\t\t<div class=\"elementor-element elementor-element-531005e5 elementor-widget-divider--view-line elementor-widget elementor-widget-divider\" data-id=\"531005e5\" data-element_type=\"widget\" data-widget_type=\"divider.default\">\n\t\t\t\t<div class=\"elementor-widget-container\">\n\t\t\t\t\t\t\t<div class=\"elementor-divider\">\n\t\t\t<span class=\"elementor-divider-separator\">\n\t\t\t\t\t\t<\/span>\n\t\t<\/div>\n\t\t\t\t\t\t<\/div>\n\t\t\t\t<\/div>\n\t\t<div class=\"elementor-element elementor-element-77da0f66 e-con-full e-flex e-con e-child\" data-id=\"77da0f66\" data-element_type=\"container\">\n\t\t\t\t<div class=\"elementor-element elementor-element-3e52a42d elementor-widget elementor-widget-heading\" data-id=\"3e52a42d\" data-element_type=\"widget\" data-widget_type=\"heading.default\">\n\t\t\t\t<div class=\"elementor-widget-container\">\n\t\t\t\t\t<h2 class=\"elementor-heading-title elementor-size-default\">Tr\u00e6ningstider<\/h2>\t\t\t\t<\/div>\n\t\t\t\t<\/div>\n\t\t\t\t<div class=\"elementor-element elementor-element-3d5aabbe elementor-icon-list--layout-traditional elementor-list-item-link-full_width elementor-widget elementor-widget-icon-list\" data-id=\"3d5aabbe\" data-element_type=\"widget\" data-widget_type=\"icon-list.default\">\n\t\t\t\t<div class=\"elementor-widget-container\">\n\t\t\t\t\t\t\t<ul class=\"elementor-icon-list-items\">\n\t\t\t\t\t\t\t<li class=\"elementor-icon-list-item\">\n\t\t\t\t\t\t\t\t\t\t<span class=\"elementor-icon-list-text\">Vi tr\u00e6ner typisk i weekenden se tr\u00e6ningstider i kalenderen<\/span>\n\t\t\t\t\t\t\t\t\t<\/li>\n\t\t\t\t\t\t<\/ul>\n\t\t\t\t\t\t<\/div>\n\t\t\t\t<\/div>\n\t\t\t\t<\/div>\n\t\t<div class=\"elementor-element elementor-element-71a580ab e-con-full e-flex e-con e-child\" data-id=\"71a580ab\" data-element_type=\"container\">\n\t\t\t\t<div class=\"elementor-element elementor-element-675930e2 elementor-widget elementor-widget-heading\" data-id=\"675930e2\" data-element_type=\"widget\" data-widget_type=\"heading.default\">\n\t\t\t\t<div class=\"elementor-widget-container\">\n\t\t\t\t\t<h2 class=\"elementor-heading-title elementor-size-default\">Kontakt info<\/h2>\t\t\t\t<\/div>\n\t\t\t\t<\/div>\n\t\t\t\t<div class=\"elementor-element elementor-element-68627f83 elementor-icon-list--layout-traditional elementor-list-item-link-full_width elementor-widget elementor-widget-icon-list\" data-id=\"68627f83\" data-element_type=\"widget\" data-widget_type=\"icon-list.default\">\n\t\t\t\t<div class=\"elementor-widget-container\">\n\t\t\t\t\t\t\t<ul class=\"elementor-icon-list-items\">\n\t\t\t\t\t\t\t<li class=\"elementor-icon-list-item\">\n\t\t\t\t\t\t\t\t\t\t<span class=\"elementor-icon-list-text\">+45 30 42 59 09<\/span>\n\t\t\t\t\t\t\t\t\t<\/li>\n\t\t\t\t\t\t\t\t<li class=\"elementor-icon-list-item\">\n\t\t\t\t\t\t\t\t\t\t<span class=\"elementor-icon-list-text\">info@dsoe.dk<\/span>\n\t\t\t\t\t\t\t\t\t<\/li>\n\t\t\t\t\t\t<\/ul>\n\t\t\t\t\t\t<\/div>\n\t\t\t\t<\/div>\n\t\t\t\t<\/div>\n\t\t<div class=\"elementor-element elementor-element-5bafbbb e-con-full e-flex e-con e-child\" data-id=\"5bafbbb\" data-element_type=\"container\">\n\t\t\t\t<div class=\"elementor-element elementor-element-5ff19d8b elementor-widget elementor-widget-heading\" data-id=\"5ff19d8b\" data-element_type=\"widget\" data-widget_type=\"heading.default\">\n\t\t\t\t<div class=\"elementor-widget-container\">\n\t\t\t\t\t<h2 class=\"elementor-heading-title elementor-size-default\">adresse<\/h2>\t\t\t\t<\/div>\n\t\t\t\t<\/div>\n\t\t\t\t<div class=\"elementor-element elementor-element-1265284d elementor-widget elementor-widget-text-editor\" data-id=\"1265284d\" data-element_type=\"widget\" data-widget_type=\"text-editor.default\">\n\t\t\t\t<div class=\"elementor-widget-container\">\n\t\t\t\t\t\t\t\t\t<p>Moss\u00f8vej 4, 8660 Skanderborg<\/p>\t\t\t\t\t\t\t\t<\/div>\n\t\t\t\t<\/div>\n\t\t\t\t<\/div>\n\t\t\t\t<\/div>\n\t\t<div class=\"elementor-element elementor-element-614a4d66 e-con-full e-flex e-con e-child\" data-id=\"614a4d66\" data-element_type=\"container\" data-settings=\"{&quot;background_background&quot;:&quot;classic&quot;}\">\n\t\t\t\t<\/div>\n\t\t\t\t<\/div>\n\t\t<div class=\"elementor-element elementor-element-61aedc0f e-con-full e-flex e-con e-parent\" data-id=\"61aedc0f\" data-element_type=\"container\">\n\t\t<div class=\"elementor-element elementor-element-64960c9a e-con-full e-flex e-con e-child\" data-id=\"64960c9a\" data-element_type=\"container\">\n\t\t\t\t<div class=\"elementor-element elementor-element-6b553867 elementor-widget elementor-widget-google_maps\" data-id=\"6b553867\" data-element_type=\"widget\" data-widget_type=\"google_maps.default\">\n\t\t\t\t<div class=\"elementor-widget-container\">\n\t\t\t\t\t\t\t<div class=\"elementor-custom-embed\">\n\t\t\t<iframe loading=\"lazy\"\n\t\t\t\t\tsrc=\"https:\/\/maps.google.com\/maps?q=Skydebanen%20Urlev%20Bakker%20-%20%C3%98sterskovvej%2012%2C%208722%20Hedensted&#038;t=m&#038;z=17&#038;output=embed&#038;iwloc=near\"\n\t\t\t\t\ttitle=\"Skydebanen Urlev Bakker - \u00d8sterskovvej 12, 8722 Hedensted\"\n\t\t\t\t\taria-label=\"Skydebanen Urlev Bakker - \u00d8sterskovvej 12, 8722 Hedensted\"\n\t\t\t><\/iframe>\n\t\t<\/div>\n\t\t\t\t\t\t<\/div>\n\t\t\t\t<\/div>\n\t\t\t\t<\/div>\n\t\t<div class=\"elementor-element elementor-element-5b7d19b9 e-con-full e-flex e-con e-child\" data-id=\"5b7d19b9\" data-element_type=\"container\">\n\t\t\t\t<div class=\"elementor-element elementor-element-513dce00 elementor-widget elementor-widget-heading\" data-id=\"513dce00\" data-element_type=\"widget\" data-widget_type=\"heading.default\">\n\t\t\t\t<div class=\"elementor-widget-container\">\n\t\t\t\t\t<h1 class=\"elementor-heading-title elementor-size-default\">Skydebane og tr\u00e6ning.<\/h1>\t\t\t\t<\/div>\n\t\t\t\t<\/div>\n\t\t\t\t<div class=\"elementor-element elementor-element-38d883d6 elementor-widget-divider--view-line elementor-widget elementor-widget-divider\" data-id=\"38d883d6\" data-element_type=\"widget\" data-widget_type=\"divider.default\">\n\t\t\t\t<div class=\"elementor-widget-container\">\n\t\t\t\t\t\t\t<div class=\"elementor-divider\">\n\t\t\t<span class=\"elementor-divider-separator\">\n\t\t\t\t\t\t<\/span>\n\t\t<\/div>\n\t\t\t\t\t\t<\/div>\n\t\t\t\t<\/div>\n\t\t\t\t<div class=\"elementor-element elementor-element-257e52de elementor-widget__width-initial elementor-widget elementor-widget-text-editor\" data-id=\"257e52de\" data-element_type=\"widget\" data-widget_type=\"text-editor.default\">\n\t\t\t\t<div class=\"elementor-widget-container\">\n\t\t\t\t\t\t\t\t\t<p>Skydebanen Urlev Bakker &#8211; \u00d8sterskovvej 12, 8722 Hedensted<\/p>\t\t\t\t\t\t\t\t<\/div>\n\t\t\t\t<\/div>\n\t\t\t\t<\/div>\n\t\t\t\t<\/div>\n\t\t<div class=\"elementor-element elementor-element-2c715678 e-flex e-con-boxed e-con e-parent\" data-id=\"2c715678\" data-element_type=\"container\">\n\t\t\t\t\t<div class=\"e-con-inner\">\n\t\t\t\t<div class=\"elementor-element elementor-element-49e00740 elementor-widget elementor-widget-heading\" data-id=\"49e00740\" data-element_type=\"widget\" data-widget_type=\"heading.default\">\n\t\t\t\t<div class=\"elementor-widget-container\">\n\t\t\t\t\t<h2 class=\"elementor-heading-title elementor-size-default\">Er du klar til at tage dit f\u00f8rste skud?<\/h2>\t\t\t\t<\/div>\n\t\t\t\t<\/div>\n\t\t\t\t<div class=\"elementor-element elementor-element-2ad7f5ee elementor-widget__width-initial elementor-widget elementor-widget-text-editor\" data-id=\"2ad7f5ee\" data-element_type=\"widget\" data-widget_type=\"text-editor.default\">\n\t\t\t\t<div class=\"elementor-widget-container\">\n\t\t\t\t\t\t\t\t\t<p>Kom i gang med dynamisk skydning i DS\u00d8<\/p>\t\t\t\t\t\t\t\t<\/div>\n\t\t\t\t<\/div>\n\t\t\t\t<div class=\"elementor-element elementor-element-5184b0a0 elementor-align-center elementor-invisible elementor-widget elementor-widget-button\" data-id=\"5184b0a0\" data-element_type=\"widget\" data-settings=\"{&quot;_animation&quot;:&quot;fadeInDown&quot;}\" data-widget_type=\"button.default\">\n\t\t\t\t<div class=\"elementor-widget-container\">\n\t\t\t\t\t\t\t\t\t<div class=\"elementor-button-wrapper\">\n\t\t\t\t\t<a class=\"elementor-button elementor-button-link elementor-size-sm\" href=\"https:\/\/dsoe.dk\/?page_id=156\">\n\t\t\t\t\t\t<span class=\"elementor-button-content-wrapper\">\n\t\t\t\t\t\t\t\t\t<span class=\"elementor-button-text\">Kontakt os<\/span>\n\t\t\t\t\t<\/span>\n\t\t\t\t\t<\/a>\n\t\t\t\t<\/div>\n\t\t\t\t\t\t\t\t<\/div>\n\t\t\t\t<\/div>\n\t\t\t\t\t<\/div>\n\t\t\t\t<\/div>\n\t\t\t\t<\/div>\n\t\t","protected":false},"excerpt":{"rendered":"<p>Kontakt os Tr\u00e6ningstider Vi tr\u00e6ner typisk i weekenden se tr\u00e6ningstider i kalenderen Kontakt info +45 30 42 59 09 info@dsoe.dk adresse Moss\u00f8vej 4, 8660 Skanderborg Skydebane og tr\u00e6ning. Skydebanen Urlev Bakker &#8211; \u00d8sterskovvej 12, 8722 Hedensted Er du klar til at tage dit f\u00f8rste skud? Kom i gang med dynamisk skydning i DS\u00d8 Kontakt os<\/p>\n","protected":false},"author":3,"featured_media":0,"parent":0,"menu_order":0,"comment_status":"closed","ping_status":"closed","template":"elementor_header_footer","meta":{"footnotes":""},"class_list":["post-156","page","type-page","status-publish","hentry"],"yoast_head":"<!-- This site is optimized with the Yoast SEO plugin v26.1.1 - https:\/\/yoast.com\/wordpress\/plugins\/seo\/ -->\n<title>Kontakt os - Dynamiske Sportsskytter i \u00d8stjylland<\/title>\n<meta name=\"robots\" content=\"index, follow, max-snippet:-1, max-image-preview:large, max-video-preview:-1\" \/>\n<link rel=\"canonical\" href=\"https:\/\/dsoe.dk\/?page_id=156\" \/>\n<meta property=\"og:locale\" content=\"en_US\" \/>\n<meta property=\"og:type\" content=\"article\" \/>\n<meta property=\"og:title\" content=\"Kontakt os - Dynamiske Sportsskytter i \u00d8stjylland\" \/>\n<meta property=\"og:description\" content=\"Kontakt os Tr\u00e6ningstider Vi tr\u00e6ner typisk i weekenden se tr\u00e6ningstider i kalenderen Kontakt info +45 30 42 59 09 info@dsoe.dk adresse Moss\u00f8vej 4, 8660 Skanderborg Skydebane og tr\u00e6ning. Skydebanen Urlev Bakker &#8211; \u00d8sterskovvej 12, 8722 Hedensted Er du klar til at tage dit f\u00f8rste skud? Kom i gang med dynamisk skydning i DS\u00d8 Kontakt os\" \/>\n<meta property=\"og:url\" content=\"https:\/\/dsoe.dk\/?page_id=156\" \/>\n<meta property=\"og:site_name\" content=\"Dynamiske Sportsskytter i \u00d8stjylland\" \/>\n<meta property=\"article:publisher\" content=\"https:\/\/www.facebook.com\/dsoedk\/\" \/>\n<meta property=\"article:modified_time\" content=\"2025-04-30T10:32:56+00:00\" \/>\n<meta name=\"twitter:card\" content=\"summary_large_image\" \/>\n<script type=\"application\/ld+json\" class=\"yoast-schema-graph\">{\"@context\":\"https:\/\/schema.org\",\"@graph\":[{\"@type\":\"WebPage\",\"@id\":\"https:\/\/dsoe.dk\/?page_id=156\",\"url\":\"https:\/\/dsoe.dk\/?page_id=156\",\"name\":\"Kontakt os - Dynamiske Sportsskytter i \u00d8stjylland\",\"isPartOf\":{\"@id\":\"https:\/\/dsoe.dk\/#website\"},\"datePublished\":\"2025-04-14T12:05:56+00:00\",\"dateModified\":\"2025-04-30T10:32:56+00:00\",\"breadcrumb\":{\"@id\":\"https:\/\/dsoe.dk\/?page_id=156#breadcrumb\"},\"inLanguage\":\"en-US\",\"potentialAction\":[{\"@type\":\"ReadAction\",\"target\":[\"https:\/\/dsoe.dk\/?page_id=156\"]}]},{\"@type\":\"BreadcrumbList\",\"@id\":\"https:\/\/dsoe.dk\/?page_id=156#breadcrumb\",\"itemListElement\":[{\"@type\":\"ListItem\",\"position\":1,\"name\":\"Home\",\"item\":\"https:\/\/dsoe.dk\/\"},{\"@type\":\"ListItem\",\"position\":2,\"name\":\"Kontakt os\"}]},{\"@type\":\"WebSite\",\"@id\":\"https:\/\/dsoe.dk\/#website\",\"url\":\"https:\/\/dsoe.dk\/\",\"name\":\"Dynamiske Sportsskytter i \u00d8stjylland\",\"description\":\"IPSC skydning for alle\",\"publisher\":{\"@id\":\"https:\/\/dsoe.dk\/#organization\"},\"potentialAction\":[{\"@type\":\"SearchAction\",\"target\":{\"@type\":\"EntryPoint\",\"urlTemplate\":\"https:\/\/dsoe.dk\/?s={search_term_string}\"},\"query-input\":{\"@type\":\"PropertyValueSpecification\",\"valueRequired\":true,\"valueName\":\"search_term_string\"}}],\"inLanguage\":\"en-US\"},{\"@type\":\"Organization\",\"@id\":\"https:\/\/dsoe.dk\/#organization\",\"name\":\"Dynamiske Sportsskytter i \u00d8stjylland\",\"url\":\"https:\/\/dsoe.dk\/\",\"logo\":{\"@type\":\"ImageObject\",\"inLanguage\":\"en-US\",\"@id\":\"https:\/\/dsoe.dk\/#\/schema\/logo\/image\/\",\"url\":\"https:\/\/dsoe.dk\/wp-content\/uploads\/2025\/04\/DSO-logo-2025-4-13-nr2.png\",\"contentUrl\":\"https:\/\/dsoe.dk\/wp-content\/uploads\/2025\/04\/DSO-logo-2025-4-13-nr2.png\",\"width\":2048,\"height\":2048,\"caption\":\"Dynamiske Sportsskytter i \u00d8stjylland\"},\"image\":{\"@id\":\"https:\/\/dsoe.dk\/#\/schema\/logo\/image\/\"},\"sameAs\":[\"https:\/\/www.facebook.com\/dsoedk\/\"]}]}<\/script>\n<!-- \/ Yoast SEO plugin. -->","yoast_head_json":{"title":"Kontakt os - Dynamiske Sportsskytter i \u00d8stjylland","robots":{"index":"index","follow":"follow","max-snippet":"max-snippet:-1","max-image-preview":"max-image-preview:large","max-video-preview":"max-video-preview:-1"},"canonical":"https:\/\/dsoe.dk\/?page_id=156","og_locale":"en_US","og_type":"article","og_title":"Kontakt os - Dynamiske Sportsskytter i \u00d8stjylland","og_description":"Kontakt os Tr\u00e6ningstider Vi tr\u00e6ner typisk i weekenden se tr\u00e6ningstider i kalenderen Kontakt info +45 30 42 59 09 info@dsoe.dk adresse Moss\u00f8vej 4, 8660 Skanderborg Skydebane og tr\u00e6ning. Skydebanen Urlev Bakker &#8211; \u00d8sterskovvej 12, 8722 Hedensted Er du klar til at tage dit f\u00f8rste skud? Kom i gang med dynamisk skydning i DS\u00d8 Kontakt os","og_url":"https:\/\/dsoe.dk\/?page_id=156","og_site_name":"Dynamiske Sportsskytter i \u00d8stjylland","article_publisher":"https:\/\/www.facebook.com\/dsoedk\/","article_modified_time":"2025-04-30T10:32:56+00:00","twitter_card":"summary_large_image","schema":{"@context":"https:\/\/schema.org","@graph":[{"@type":"WebPage","@id":"https:\/\/dsoe.dk\/?page_id=156","url":"https:\/\/dsoe.dk\/?page_id=156","name":"Kontakt os - Dynamiske Sportsskytter i \u00d8stjylland","isPartOf":{"@id":"https:\/\/dsoe.dk\/#website"},"datePublished":"2025-04-14T12:05:56+00:00","dateModified":"2025-04-30T10:32:56+00:00","breadcrumb":{"@id":"https:\/\/dsoe.dk\/?page_id=156#breadcrumb"},"inLanguage":"en-US","potentialAction":[{"@type":"ReadAction","target":["https:\/\/dsoe.dk\/?page_id=156"]}]},{"@type":"BreadcrumbList","@id":"https:\/\/dsoe.dk\/?page_id=156#breadcrumb","itemListElement":[{"@type":"ListItem","position":1,"name":"Home","item":"https:\/\/dsoe.dk\/"},{"@type":"ListItem","position":2,"name":"Kontakt os"}]},{"@type":"WebSite","@id":"https:\/\/dsoe.dk\/#website","url":"https:\/\/dsoe.dk\/","name":"Dynamiske Sportsskytter i \u00d8stjylland","description":"IPSC skydning for alle","publisher":{"@id":"https:\/\/dsoe.dk\/#organization"},"potentialAction":[{"@type":"SearchAction","target":{"@type":"EntryPoint","urlTemplate":"https:\/\/dsoe.dk\/?s={search_term_string}"},"query-input":{"@type":"PropertyValueSpecification","valueRequired":true,"valueName":"search_term_string"}}],"inLanguage":"en-US"},{"@type":"Organization","@id":"https:\/\/dsoe.dk\/#organization","name":"Dynamiske Sportsskytter i \u00d8stjylland","url":"https:\/\/dsoe.dk\/","logo":{"@type":"ImageObject","inLanguage":"en-US","@id":"https:\/\/dsoe.dk\/#\/schema\/logo\/image\/","url":"https:\/\/dsoe.dk\/wp-content\/uploads\/2025\/04\/DSO-logo-2025-4-13-nr2.png","contentUrl":"https:\/\/dsoe.dk\/wp-content\/uploads\/2025\/04\/DSO-logo-2025-4-13-nr2.png","width":2048,"height":2048,"caption":"Dynamiske Sportsskytter i \u00d8stjylland"},"image":{"@id":"https:\/\/dsoe.dk\/#\/schema\/logo\/image\/"},"sameAs":["https:\/\/www.facebook.com\/dsoedk\/"]}]}},"_links":{"self":[{"href":"https:\/\/dsoe.dk\/index.php?rest_route=\/wp\/v2\/pages\/156","targetHints":{"allow":["GET"]}}],"collection":[{"href":"https:\/\/dsoe.dk\/index.php?rest_route=\/wp\/v2\/pages"}],"about":[{"href":"https:\/\/dsoe.dk\/index.php?rest_route=\/wp\/v2\/types\/page"}],"author":[{"embeddable":true,"href":"https:\/\/dsoe.dk\/index.php?rest_route=\/wp\/v2\/users\/3"}],"replies":[{"embeddable":true,"href":"https:\/\/dsoe.dk\/index.php?rest_route=%2Fwp%2Fv2%2Fcomments&post=156"}],"version-history":[{"count":17,"href":"https:\/\/dsoe.dk\/index.php?rest_route=\/wp\/v2\/pages\/156\/revisions"}],"predecessor-version":[{"id":859,"href":"https:\/\/dsoe.dk\/index.php?rest_route=\/wp\/v2\/pages\/156\/revisions\/859"}],"wp:attachment":[{"href":"https:\/\/dsoe.dk\/index.php?rest_route=%2Fwp%2Fv2%2Fmedia&parent=156"}],"curies":[{"name":"wp","href":"https:\/\/api.w.org\/{rel}","templated":true}]}}