{"id":319,"date":"2025-04-14T20:10:51","date_gmt":"2025-04-14T19:10:51","guid":{"rendered":"https:\/\/dsoe.dk\/?page_id=319"},"modified":"2025-09-30T21:19:33","modified_gmt":"2025-09-30T19:19:33","slug":"vedtaegter","status":"publish","type":"page","link":"https:\/\/dsoe.dk\/?page_id=319","title":{"rendered":"Vedt\u00e6gter"},"content":{"rendered":"\t\t<div data-elementor-type=\"wp-page\" data-elementor-id=\"319\" class=\"elementor elementor-319\" data-elementor-post-type=\"page\">\n\t\t\t\t<div class=\"elementor-element elementor-element-2a791ae e-flex e-con-boxed e-con e-parent\" data-id=\"2a791ae\" data-element_type=\"container\">\n\t\t\t\t\t<div class=\"e-con-inner\">\n\t\t\t\t<div class=\"elementor-element elementor-element-c8b3e73 elementor-widget elementor-widget-heading\" data-id=\"c8b3e73\" data-element_type=\"widget\" data-widget_type=\"heading.default\">\n\t\t\t\t<div class=\"elementor-widget-container\">\n\t\t\t\t\t<h2 class=\"elementor-heading-title elementor-size-default\">Vedt\u00e6gter<\/h2>\t\t\t\t<\/div>\n\t\t\t\t<\/div>\n\t\t\t\t\t<\/div>\n\t\t\t\t<\/div>\n\t\t<div class=\"elementor-element elementor-element-7437428 e-flex e-con-boxed e-con e-parent\" data-id=\"7437428\" data-element_type=\"container\">\n\t\t\t\t\t<div class=\"e-con-inner\">\n\t\t\t\t<div class=\"elementor-element elementor-element-f83be5b elementor-widget elementor-widget-text-editor\" data-id=\"f83be5b\" data-element_type=\"widget\" data-widget_type=\"text-editor.default\">\n\t\t\t\t<div class=\"elementor-widget-container\">\n\t\t\t\t\t\t\t\t\t<div>Vedt\u00e6gter for<\/div><div>Dynamiske sportsskytter i \u00d8stjylland<\/div><div>\u00a0<\/div><div>\u00a0<\/div><div>\u00a7 1. Navn, hjemsted og organisatorisk tilh\u00f8r<\/div><div>Foreningens navn er Dynamiske sportsskytter i \u00d8stjylland og er stiftet den 25. august 2021.<\/div><div>Foreningen har hjemsted i Vejle kommune.\u00a0<\/div><div>\u00a0<\/div><div>Foreningen er medlem af Dansk Sportsskytte Forbund (DSF) samt Dansk Skytte Union (Skydesport Danmark) og s\u00e5ledes under Danmarks Idr\u00e6tsforbund (DIF) og hermed underlagt disses love og bestemmelser.\u00a0<\/div><div>\u00a0<\/div><div>\u00a7 2. Form\u00e5l<\/div><div>Foreningens form\u00e5l er at dyrke skydning som sport samt p\u00e5 anden m\u00e5de at virke for skydesportens fremme.<\/div><div>IPSC indg\u00e5r som prim\u00e6rt m\u00e5l blandt foreningens aktiviteter.\u00a0<\/div><div>\u00a0<\/div><div>\u00a0<\/div><div>\u00a7 3. V\u00e5benp\u00e5tegningsret.\u00a0<\/div><div>Foreningen er af politiet bemyndiget til at give v\u00e5benp\u00e5tegning p\u00e5 medlemsbeviser. V\u00e5benp\u00e5tegningen gives p\u00e5 grundlag af v\u00e5benlovens bestemmelser og efter godkendelse af medlemmet hos foreningens bestyrelse og hos politiet.<\/div><div>\u00a0<\/div><div>\u00a7 4. Tilbagekaldelsesret og -pligt.<\/div><div>Foreningen skal orientere politiet eller om n\u00f8dvendigt tilbagekalde v\u00e5benlegitimationen fra et medlem, hvis bestyrelsen sk\u00f8nner, at medlemmet ikke l\u00e6ngere b\u00f8r v\u00e6re indehaver af en meddelt tilladelse til et v\u00e5ben.<\/div><div>\u00a0<\/div><div>\u00a7 5. Medlemskab<\/div><div>Enhver uberygtet person, der har tilgang til eget v\u00e5ben (SKV-2) eller som minimum er<\/div><div>godkendt til SKV-3 og selvst\u00e6ndigt kan transportere sit v\u00e5ben til og fra<\/div><div>skydebanen samt har eller \u00f8nsker at tage IPSC licens, kan optages som medlem.<\/div><div>Formanden kan g\u00f8re undtagelser fra ovenst\u00e5ende betingelser.<\/div><div>Optagelse af umyndige personer kr\u00e6ver samtykke fra for\u00e6ldre\/v\u00e6rge samt aktivt\/passivt medlemskab af for\u00e6ldre\/v\u00e6rge.<\/div><div>\u00a0<\/div><div>\u00a7 6. Indmeldelse<\/div><div>Indmeldelse skal ske skriftligt p\u00e5 indmeldelsesblanket til foreningens sekret\u00e6r\/kasserer.<\/div><div>For medlemmer under 18 \u00e5r skal indmeldelsesblanketten underskrives af for\u00e6ldre eller v\u00e6rge.<\/div><div>Ved optagelse i foreningen betales et indmeldelsesgebyr.<\/div><div>\u00a0<\/div><div>\u00a7 7. Kontingent og gebyr<\/div><div>Kontingentet for aktive og passive medlemmer samt indmeldelsesgebyr fasts\u00e6ttes p\u00e5 den ordin\u00e6re generalforsamling. Indbetalingsterminer og opkr\u00e6vningsform fasts\u00e6ttes af bestyrelsen.<\/div><div>\u00a0<\/div><div>\u00a7 8. Udmeldelse<\/div><div>Udmeldelse skal ske skriftligt til kassereren.<\/div><div>Udmeldelse kan kun accepteres, hvis medlemmet ikke har noget \u00f8konomisk mellemv\u00e6rende med foreningen.<\/div><div>\u00a0<\/div><div>\u00a7 9. Restance<\/div><div>Kontingentet skal v\u00e6re betalt inden udgangen af forfaldsm\u00e5neden. Indbetaler<\/div><div>medlemmet fortsat ikke kontingent efter skriftlig p\u00e5mindelse, skal medlemmet skriftligt meddeles, at det er slettet af foreningens medlemsliste og tilbagekaldelse af eventuel v\u00e5benp\u00e5tegning iv\u00e6rks\u00e6ttes.\u00a0<\/div><div>\u00a0<\/div><div>Genoptagelse kan da kun ske mod betaling af g\u00e6lden og nyt indmeldelsesgebyr.<\/div><div>\u00a0<\/div><div>\u00a7 10. Udelukkelse og eksklusion<\/div><div>Et medlem kan udelukkes eller ekskluderes, hvis vedkommende handler til skade for foreningen, opf\u00f8rer sig i strid med foreningens vedt\u00e6gter, gennem handlinger eller ytringer modarbejder foreningens v\u00e6rdier, form\u00e5l og interesser eller p\u00e5 anden m\u00e5de skader skydesportens og\/eller foreningens almindelige ry og rygte i samfundet<\/div><div>\u00a0<\/div><div>S\u00e5vel i sager om udelukkelse som eksklusion har medlemmet krav p\u00e5 at blive h\u00f8rt inden bestyrelsen tr\u00e6ffer sin afg\u00f8relse.<\/div><div>\u00a0<\/div><div>I sager om eksklusion har medlemmet krav p\u00e5, at sagen afg\u00f8res p\u00e5 f\u00f8rstkommende generalforsamling, og at sagen s\u00e6ttes p\u00e5 dagsordenen som et s\u00e6rligt punkt.<\/div><div>En generalforsamlings afg\u00f8relse af en eksklusion kr\u00e6ver samme majoritet som ved \u00e6ndring af foreningens vedt\u00e6gter. Meddelelse om eksklusion tilsendes forbundet.<\/div><div>\u00a0<\/div><div>\u00a7 11. Ordin\u00e6r generalforsamling<\/div><div>Generalforsamlingen er foreningens \u00f8verste myndighed i alle anliggender.<\/div><div>Ordin\u00e6r generalforsamling afholdes en gang \u00e5rligt inden udgangen af september m\u00e5ned.<\/div><div>\u00a0<\/div><div>Adgang til generalforsamlingen har alle foreningens medlemmer, samt hvem bestyrelsen m\u00e5tte indbyde. Stemmeret har alle medlemmer, der ikke er i kontingentrestance og har v\u00e6ret medlem i mindst 6 m\u00e5neder.<\/div><div>\u00a0<\/div><div>Forslag som \u00f8nskes behandlet p\u00e5 den ordin\u00e6re generalforsamling skal v\u00e6re indsendt skriftligt til bestyrelsen senest 1 m\u00e5ned f\u00f8r generalforsamlingens afholdelse.<\/div><div>\u00a0<\/div><div>Generalforsamlingen indkaldes skriftligt med mindst 14 dages varsel med angivelse af dagsorden samt eventuelle indkomne forslag.<\/div><div>\u00a0<\/div><div>En rettidig indvarslet generalforsamling er beslutningsdygtig uanset de fremm\u00f8dtes antal.<\/div><div>\u00a0<\/div><div>\u00a7 12. Dagsorden<\/div><div>Dagsorden for den ordin\u00e6re generalforsamling skal mindst omfatte f\u00f8lgende punkter:<\/div><div>\u00a0<\/div><div>\u00a01. Valg af dirigent og referent.<\/div><div>\u00a02. Bestyrelsens beretning for det forl\u00f8bne \u00e5r.<\/div><div>\u00a03. Forel\u00e6ggelse af revideret regnskab for det forl\u00f8bne \u00e5r til godkendelse.<\/div><div>\u00a04. Fasts\u00e6ttelse af kontingent og gebyr.<\/div><div>\u00a05. Behandling af indkomne forslag.<\/div><div>\u00a06. Valg af formand og kasserer.<\/div><div>\u00a07. Valg af bestyrelsesmedlemmer<\/div><div>\u00a08. Valg af suppleanter til bestyrelsen.<\/div><div>\u00a09. Valg af revisor og revisorsuppleant.<\/div><div>10. Eventuelt.<\/div><div>\u00a0<\/div><div>\u00a7 13. Generalforsamlingens ledelse m.v.<\/div><div>Generalforsamlingen v\u00e6lger sin dirigent, der ikke m\u00e5 v\u00e6re medlem af bestyrelsen.<\/div><div>Beslutninger tages efter almindeligt stemmeflertal. Dog kr\u00e6ver vedt\u00e6gts\u00e6ndringer og foreningens opl\u00f8sning kvalificeret majoritet &#8211; jvf. \u00a719 og \u00a720.<\/div><div>\u00a0<\/div><div>Der kan kun stemmes ved personligt fremm\u00f8de. Afstemning skal, s\u00e5fremt 5 medlemmer forlanger det, foretages skriftligt. Valgbar til bestyrelsen er samtlige medlemmer der er fyldt 18 \u00e5r, som ikke er i kontingentrestance og har v\u00e6ret medlem i mindst (6 m\u00e5neder).<\/div><div>\u00a0<\/div><div>Der f\u00f8res en protokol over generalforsamlingens beslutninger. Protokollen godkendes og underskrives af dirigenten.<\/div><div>\u00a0<\/div><div>\u00a7 14. Ekstraordin\u00e6r generalforsamling<\/div><div>Ekstraordin\u00e6r generalforsamling kan til enhver tid indkaldes af formanden eller et flertal i bestyrelsen og skal indkaldes, n\u00e5r mindst 1\/3 af foreningens stemmeberettigede medlemmer skriftligt over for bestyrelsen frems\u00e6tter \u00f8nske herom. I sidstn\u00e6vnte tilf\u00e6lde skal generalforsamlingen afholdes senest 4 uger efter beg\u00e6ringens modtagelse. Indkaldelse med dagsorden skal ske skriftligt til alle medlemmer med mindst en uges varsel.<\/div><div>For s\u00e5 vidt ang\u00e5r m\u00f8dets ledelse, afstemning m.m., g\u00e6lder de samme bestemmelser som for den ordin\u00e6re generalforsamling.<\/div><div>\u00a0<\/div><div>\u00a7 15. Bestyrelse \u2013 Valg og ledelse<\/div><div>Bestyrelsen best\u00e5r af en formand, en kasserer, en n\u00e6stformand og yderligere 2 medlemmer og v\u00e6lges for to \u00e5r ad gangen af den ordin\u00e6re generalforsamling.<\/div><div>Formanden og 1 bestyrelsesmedlem er p\u00e5 valg i lige \u00e5r, medens kassereren og 2 bestyrelsesmedlemmer er p\u00e5 valg i ulige \u00e5r.<\/div><div>\u00a0<\/div><div>Bestyrelsen er foreningens daglige ledelse og repr\u00e6senterer foreningen i alle forhold. Bestyrelsen fasts\u00e6tter selv sin forretningsorden. Bestyrelsen kan neds\u00e6tte n\u00f8dvendige udvalg til varetagelse af l\u00f8bende eller enkeltst\u00e5ende opgaver.<\/div><div>\u00a0<\/div><div>Bestyrelsen er beslutningsdygtig, n\u00e5r mindst 3 er til stede. Beslutninger vedtages ved almindeligt stemmeflertal. I tilf\u00e6lde af stemmelighed er formandens stemme afg\u00f8rende.<\/div><div>De vedtagne beslutninger og foretagne handlinger forpligter foreningen i henhold til vedt\u00e6gterne. Over bestyrelsens forhandlinger f\u00f8res en protokol.<\/div><div>\u00a0<\/div><div>\u00a7 16. Tegningsret<\/div><div>Foreningen tegnes af formanden. Ved formandens forfald, af n\u00e6stformanden og yderligere et bestyrelsesmedlem. Ved \u00f8konomiske dispositioner (over 5.000,00) kr. kr\u00e6ves dog underskrift af formand og kasserer i forening.<\/div><div>\u00a0<\/div><div>\u00a7 17. Regnskab<\/div><div>Foreningens regnskabs\u00e5r f\u00f8lger kalender\u00e5ret. Foreningens formue skal anbringes i anerkendte pengeinstitutter.<\/div><div>Bestyrelsen skal inden 3 uger f\u00f8r generalforsamlingen afgive driftsregnskab for det foreg\u00e5ende \u00e5r og status til revisoren.<\/div><div>Driftsregnskab og status forel\u00e6gges den ordin\u00e6re generalforsamling til godkendelse og skal v\u00e6re forsynet med revisorens p\u00e5tegning og underskrift.<\/div><div>\u00a0<\/div><div>\u00a7 18. Revision<\/div><div>P\u00e5 den ordin\u00e6re generalforsamling v\u00e6lges for et \u00e5r ad gangen en revisor og en revisorsuppleant &#8211; jvf. \u00a712.<\/div><div>Revisoren skal hvert \u00e5r f\u00f8r generalforsamlingen gennemg\u00e5 det samlede regnskab og p\u00e5se, at beholdningerne er til stede. Driftsregnskab og status forsynes med en p\u00e5tegning. Revisoren har til enhver tid adgang til at efterse regnskab og beholdninger.<\/div><div>\u00a0<\/div><div>\u00a7 19. Vedt\u00e6gts\u00e6ndringer<\/div><div>\u00c6ndringer af vedt\u00e6gterne kan ske p\u00e5 enhver generalforsamling, n\u00e5r mindst 3\/4 af de fremm\u00f8dte stemmeberettigede medlemmer stemmer for forslaget.<\/div><div>\u00a0<\/div><div>\u00a7 20. Foreningens opl\u00f8sning<\/div><div>Bestemmelse om foreningens opl\u00f8sning kan kun tages p\u00e5 en i dette \u00f8jemed s\u00e6rlig indkaldt ekstraordin\u00e6r generalforsamling. Til dennes beslutningsdygtighed kr\u00e6ves, at mindst 2\/3 af foreningens stemmeberettigede medlemmer er til stede, og til forslagets vedtagelse kr\u00e6ves, at mindst 3\/4 af de afgivne stemmer er for forslaget.<\/div><div>Opn\u00e5s s\u00e5dant flertal p\u00e5 en generalforsamling, der ikke er beslutningsdygtig, indkaldes til en ny generalforsamling, hvor beslutning kan tr\u00e6ffes med ovenn\u00e6vnte stemmeflerhed, uanset hvilket antal stemmeberettigede medlemmer der er til stede.<\/div><div>\u00a0<\/div><div>P\u00e5 generalforsamlingen skal samtidig tr\u00e6ffes bestemmelse om, hvorledes der skal forholdes med foreningens formue, herunder eventuelt fast ejendom og l\u00f8s\u00f8re, dog at simpelt stemmeflertal her er tilstr\u00e6kkeligt.<\/div><div>\u00a0<\/div><div>I tilf\u00e6lde af foreningens opl\u00f8sning skal den formue, der er i behold, anvendes til idr\u00e6tslige form\u00e5l i foreningens hjemstedskommune. Foreningen h\u00e6fter alene ved egen formue efter g\u00e6ngse retslige regler.<\/div><div>\u00a0<\/div><div>\u00a0<\/div><div>Vedtaget den 18.09.2025<\/div>\t\t\t\t\t\t\t\t<\/div>\n\t\t\t\t<\/div>\n\t\t\t\t\t<\/div>\n\t\t\t\t<\/div>\n\t\t\t\t<\/div>\n\t\t","protected":false},"excerpt":{"rendered":"<p>Vedt\u00e6gter Vedt\u00e6gter forDynamiske sportsskytter i \u00d8stjylland\u00a0\u00a0\u00a7 1. Navn, hjemsted og organisatorisk tilh\u00f8rForeningens navn er Dynamiske sportsskytter i \u00d8stjylland og er stiftet den 25. august 2021.Foreningen har hjemsted i Vejle kommune.\u00a0\u00a0Foreningen er medlem af Dansk Sportsskytte Forbund (DSF) samt Dansk Skytte Union (Skydesport Danmark) og s\u00e5ledes under Danmarks Idr\u00e6tsforbund (DIF) og hermed underlagt disses love og [&hellip;]<\/p>\n","protected":false},"author":3,"featured_media":0,"parent":0,"menu_order":0,"comment_status":"closed","ping_status":"closed","template":"elementor_header_footer","meta":{"footnotes":""},"class_list":["post-319","page","type-page","status-publish","hentry"],"yoast_head":"<!-- This site is optimized with the Yoast SEO plugin v26.1.1 - https:\/\/yoast.com\/wordpress\/plugins\/seo\/ -->\n<title>Vedt\u00e6gter - Dynamiske Sportsskytter i \u00d8stjylland<\/title>\n<meta name=\"robots\" content=\"index, follow, max-snippet:-1, max-image-preview:large, max-video-preview:-1\" \/>\n<link rel=\"canonical\" href=\"https:\/\/dsoe.dk\/?page_id=319\" \/>\n<meta property=\"og:locale\" content=\"en_US\" \/>\n<meta property=\"og:type\" content=\"article\" \/>\n<meta property=\"og:title\" content=\"Vedt\u00e6gter - Dynamiske Sportsskytter i \u00d8stjylland\" \/>\n<meta property=\"og:description\" content=\"Vedt\u00e6gter Vedt\u00e6gter forDynamiske sportsskytter i \u00d8stjylland\u00a0\u00a0\u00a7 1. Navn, hjemsted og organisatorisk tilh\u00f8rForeningens navn er Dynamiske sportsskytter i \u00d8stjylland og er stiftet den 25. august 2021.Foreningen har hjemsted i Vejle kommune.\u00a0\u00a0Foreningen er medlem af Dansk Sportsskytte Forbund (DSF) samt Dansk Skytte Union (Skydesport Danmark) og s\u00e5ledes under Danmarks Idr\u00e6tsforbund (DIF) og hermed underlagt disses love og [&hellip;]\" \/>\n<meta property=\"og:url\" content=\"https:\/\/dsoe.dk\/?page_id=319\" \/>\n<meta property=\"og:site_name\" content=\"Dynamiske Sportsskytter i \u00d8stjylland\" \/>\n<meta property=\"article:publisher\" content=\"https:\/\/www.facebook.com\/dsoedk\/\" \/>\n<meta property=\"article:modified_time\" content=\"2025-09-30T19:19:33+00:00\" \/>\n<meta name=\"twitter:card\" content=\"summary_large_image\" \/>\n<meta name=\"twitter:label1\" content=\"Est. reading time\" \/>\n\t<meta name=\"twitter:data1\" content=\"6 minutes\" \/>\n<script type=\"application\/ld+json\" class=\"yoast-schema-graph\">{\"@context\":\"https:\/\/schema.org\",\"@graph\":[{\"@type\":\"WebPage\",\"@id\":\"https:\/\/dsoe.dk\/?page_id=319\",\"url\":\"https:\/\/dsoe.dk\/?page_id=319\",\"name\":\"Vedt\u00e6gter - Dynamiske Sportsskytter i \u00d8stjylland\",\"isPartOf\":{\"@id\":\"https:\/\/dsoe.dk\/#website\"},\"datePublished\":\"2025-04-14T19:10:51+00:00\",\"dateModified\":\"2025-09-30T19:19:33+00:00\",\"breadcrumb\":{\"@id\":\"https:\/\/dsoe.dk\/?page_id=319#breadcrumb\"},\"inLanguage\":\"en-US\",\"potentialAction\":[{\"@type\":\"ReadAction\",\"target\":[\"https:\/\/dsoe.dk\/?page_id=319\"]}]},{\"@type\":\"BreadcrumbList\",\"@id\":\"https:\/\/dsoe.dk\/?page_id=319#breadcrumb\",\"itemListElement\":[{\"@type\":\"ListItem\",\"position\":1,\"name\":\"Home\",\"item\":\"https:\/\/dsoe.dk\/\"},{\"@type\":\"ListItem\",\"position\":2,\"name\":\"Vedt\u00e6gter\"}]},{\"@type\":\"WebSite\",\"@id\":\"https:\/\/dsoe.dk\/#website\",\"url\":\"https:\/\/dsoe.dk\/\",\"name\":\"Dynamiske Sportsskytter i \u00d8stjylland\",\"description\":\"IPSC skydning for alle\",\"publisher\":{\"@id\":\"https:\/\/dsoe.dk\/#organization\"},\"potentialAction\":[{\"@type\":\"SearchAction\",\"target\":{\"@type\":\"EntryPoint\",\"urlTemplate\":\"https:\/\/dsoe.dk\/?s={search_term_string}\"},\"query-input\":{\"@type\":\"PropertyValueSpecification\",\"valueRequired\":true,\"valueName\":\"search_term_string\"}}],\"inLanguage\":\"en-US\"},{\"@type\":\"Organization\",\"@id\":\"https:\/\/dsoe.dk\/#organization\",\"name\":\"Dynamiske Sportsskytter i \u00d8stjylland\",\"url\":\"https:\/\/dsoe.dk\/\",\"logo\":{\"@type\":\"ImageObject\",\"inLanguage\":\"en-US\",\"@id\":\"https:\/\/dsoe.dk\/#\/schema\/logo\/image\/\",\"url\":\"https:\/\/dsoe.dk\/wp-content\/uploads\/2025\/04\/DSO-logo-2025-4-13-nr2.png\",\"contentUrl\":\"https:\/\/dsoe.dk\/wp-content\/uploads\/2025\/04\/DSO-logo-2025-4-13-nr2.png\",\"width\":2048,\"height\":2048,\"caption\":\"Dynamiske Sportsskytter i \u00d8stjylland\"},\"image\":{\"@id\":\"https:\/\/dsoe.dk\/#\/schema\/logo\/image\/\"},\"sameAs\":[\"https:\/\/www.facebook.com\/dsoedk\/\"]}]}<\/script>\n<!-- \/ Yoast SEO plugin. -->","yoast_head_json":{"title":"Vedt\u00e6gter - Dynamiske Sportsskytter i \u00d8stjylland","robots":{"index":"index","follow":"follow","max-snippet":"max-snippet:-1","max-image-preview":"max-image-preview:large","max-video-preview":"max-video-preview:-1"},"canonical":"https:\/\/dsoe.dk\/?page_id=319","og_locale":"en_US","og_type":"article","og_title":"Vedt\u00e6gter - Dynamiske Sportsskytter i \u00d8stjylland","og_description":"Vedt\u00e6gter Vedt\u00e6gter forDynamiske sportsskytter i \u00d8stjylland\u00a0\u00a0\u00a7 1. Navn, hjemsted og organisatorisk tilh\u00f8rForeningens navn er Dynamiske sportsskytter i \u00d8stjylland og er stiftet den 25. august 2021.Foreningen har hjemsted i Vejle kommune.\u00a0\u00a0Foreningen er medlem af Dansk Sportsskytte Forbund (DSF) samt Dansk Skytte Union (Skydesport Danmark) og s\u00e5ledes under Danmarks Idr\u00e6tsforbund (DIF) og hermed underlagt disses love og [&hellip;]","og_url":"https:\/\/dsoe.dk\/?page_id=319","og_site_name":"Dynamiske Sportsskytter i \u00d8stjylland","article_publisher":"https:\/\/www.facebook.com\/dsoedk\/","article_modified_time":"2025-09-30T19:19:33+00:00","twitter_card":"summary_large_image","twitter_misc":{"Est. reading time":"6 minutes"},"schema":{"@context":"https:\/\/schema.org","@graph":[{"@type":"WebPage","@id":"https:\/\/dsoe.dk\/?page_id=319","url":"https:\/\/dsoe.dk\/?page_id=319","name":"Vedt\u00e6gter - Dynamiske Sportsskytter i \u00d8stjylland","isPartOf":{"@id":"https:\/\/dsoe.dk\/#website"},"datePublished":"2025-04-14T19:10:51+00:00","dateModified":"2025-09-30T19:19:33+00:00","breadcrumb":{"@id":"https:\/\/dsoe.dk\/?page_id=319#breadcrumb"},"inLanguage":"en-US","potentialAction":[{"@type":"ReadAction","target":["https:\/\/dsoe.dk\/?page_id=319"]}]},{"@type":"BreadcrumbList","@id":"https:\/\/dsoe.dk\/?page_id=319#breadcrumb","itemListElement":[{"@type":"ListItem","position":1,"name":"Home","item":"https:\/\/dsoe.dk\/"},{"@type":"ListItem","position":2,"name":"Vedt\u00e6gter"}]},{"@type":"WebSite","@id":"https:\/\/dsoe.dk\/#website","url":"https:\/\/dsoe.dk\/","name":"Dynamiske Sportsskytter i \u00d8stjylland","description":"IPSC skydning for alle","publisher":{"@id":"https:\/\/dsoe.dk\/#organization"},"potentialAction":[{"@type":"SearchAction","target":{"@type":"EntryPoint","urlTemplate":"https:\/\/dsoe.dk\/?s={search_term_string}"},"query-input":{"@type":"PropertyValueSpecification","valueRequired":true,"valueName":"search_term_string"}}],"inLanguage":"en-US"},{"@type":"Organization","@id":"https:\/\/dsoe.dk\/#organization","name":"Dynamiske Sportsskytter i \u00d8stjylland","url":"https:\/\/dsoe.dk\/","logo":{"@type":"ImageObject","inLanguage":"en-US","@id":"https:\/\/dsoe.dk\/#\/schema\/logo\/image\/","url":"https:\/\/dsoe.dk\/wp-content\/uploads\/2025\/04\/DSO-logo-2025-4-13-nr2.png","contentUrl":"https:\/\/dsoe.dk\/wp-content\/uploads\/2025\/04\/DSO-logo-2025-4-13-nr2.png","width":2048,"height":2048,"caption":"Dynamiske Sportsskytter i \u00d8stjylland"},"image":{"@id":"https:\/\/dsoe.dk\/#\/schema\/logo\/image\/"},"sameAs":["https:\/\/www.facebook.com\/dsoedk\/"]}]}},"_links":{"self":[{"href":"https:\/\/dsoe.dk\/index.php?rest_route=\/wp\/v2\/pages\/319","targetHints":{"allow":["GET"]}}],"collection":[{"href":"https:\/\/dsoe.dk\/index.php?rest_route=\/wp\/v2\/pages"}],"about":[{"href":"https:\/\/dsoe.dk\/index.php?rest_route=\/wp\/v2\/types\/page"}],"author":[{"embeddable":true,"href":"https:\/\/dsoe.dk\/index.php?rest_route=\/wp\/v2\/users\/3"}],"replies":[{"embeddable":true,"href":"https:\/\/dsoe.dk\/index.php?rest_route=%2Fwp%2Fv2%2Fcomments&post=319"}],"version-history":[{"count":20,"href":"https:\/\/dsoe.dk\/index.php?rest_route=\/wp\/v2\/pages\/319\/revisions"}],"predecessor-version":[{"id":893,"href":"https:\/\/dsoe.dk\/index.php?rest_route=\/wp\/v2\/pages\/319\/revisions\/893"}],"wp:attachment":[{"href":"https:\/\/dsoe.dk\/index.php?rest_route=%2Fwp%2Fv2%2Fmedia&parent=319"}],"curies":[{"name":"wp","href":"https:\/\/api.w.org\/{rel}","templated":true}]}}