{"id":491,"date":"2025-04-15T10:18:33","date_gmt":"2025-04-15T08:18:33","guid":{"rendered":"https:\/\/dsoe.dk\/?page_id=491"},"modified":"2025-04-15T10:36:52","modified_gmt":"2025-04-15T08:36:52","slug":"kalender","status":"publish","type":"page","link":"https:\/\/dsoe.dk\/?page_id=491","title":{"rendered":"Kalender"},"content":{"rendered":"\t\t<div data-elementor-type=\"wp-page\" data-elementor-id=\"491\" class=\"elementor elementor-491\" data-elementor-post-type=\"page\">\n\t\t\t\t<div class=\"elementor-element elementor-element-f683f55 e-flex e-con-boxed e-con e-parent\" data-id=\"f683f55\" data-element_type=\"container\">\n\t\t\t\t\t<div class=\"e-con-inner\">\n\t\t\t\t<div class=\"elementor-element elementor-element-046e0bb elementor-widget elementor-widget-heading\" data-id=\"046e0bb\" data-element_type=\"widget\" data-widget_type=\"heading.default\">\n\t\t\t\t<div class=\"elementor-widget-container\">\n\t\t\t\t\t<h2 class=\"elementor-heading-title elementor-size-default\">DS\u00d8 - Event og Tr\u00e6ning<\/h2>\t\t\t\t<\/div>\n\t\t\t\t<\/div>\n\t\t\t\t\t<\/div>\n\t\t\t\t<\/div>\n\t\t<div class=\"elementor-element elementor-element-46e7cfb e-flex e-con-boxed e-con e-parent\" data-id=\"46e7cfb\" data-element_type=\"container\" data-settings=\"{&quot;background_background&quot;:&quot;classic&quot;}\">\n\t\t\t\t\t<div class=\"e-con-inner\">\n\t\t\t\t<div class=\"elementor-element elementor-element-0bb371d elementor-widget elementor-widget-shortcode\" data-id=\"0bb371d\" data-element_type=\"widget\" data-widget_type=\"shortcode.default\">\n\t\t\t\t<div class=\"elementor-widget-container\">\n\t\t\t\t\t\t\t<div class=\"elementor-shortcode\"><div class=\"simcal-calendar simcal-default-calendar simcal-default-calendar-grid simcal-default-calendar-dark\" data-calendar-id=\"19\" data-timezone=\"Europe\/Copenhagen\" data-offset=\"7200\" data-week-start=\"1\" data-calendar-start=\"1777932000\" data-calendar-end=\"1786384800\" data-events-first=\"1775977200\" data-events-last=\"1786384800\">\n\t\t\t\n            <table class=\"simcal-calendar-grid\"\n                   data-event-bubble-trigger=\"hover\">\n                <thead class=\"simcal-calendar-head\">\n                <tr>\n\t\t\t\t\t                        <th class=\"simcal-nav simcal-prev-wrapper\" colspan=\"1\">\n                            <button class=\"simcal-nav-button simcal-month-nav simcal-prev\" title=\"Previous Month\"><i class=\"simcal-icon-left\"><\/i><\/button>\n                        <\/th>\n\t\t\t\t\t                    <th colspan=\"5\"\n                        class=\"simcal-nav simcal-current\"\n                        data-calendar-current=\"1777932000\">\n\t\t\t\t\t\t<h3> <span class=\"simcal-current-month\">May<\/span>  <span class=\"simcal-current-year\">2026<\/span> <\/h3>                    <\/th>\n\t\t\t\t\t                        <th class=\"simcal-nav simcal-next-wrapper\" colspan=\"1\">\n                            <button class=\"simcal-nav-button simcal-month-nav simcal-next\" title=\"Next Month\"><i class=\"simcal-icon-right\"><\/i><\/button>\n                        <\/th>\n\t\t\t\t\t                <\/tr>\n                <tr>\n\t\t\t\t\t                        <th class=\"simcal-week-day simcal-week-day-1\"\n                            data-screen-small=\"M\"\n                            data-screen-medium=\"Mon\"\n                            data-screen-large=\"Monday\">Mon<\/th>\n\t\t\t\t\t\t                        <th class=\"simcal-week-day simcal-week-day-2\"\n                            data-screen-small=\"T\"\n                            data-screen-medium=\"Tue\"\n                            data-screen-large=\"Tuesday\">Tue<\/th>\n\t\t\t\t\t\t                        <th class=\"simcal-week-day simcal-week-day-3\"\n                            data-screen-small=\"W\"\n                            data-screen-medium=\"Wed\"\n                            data-screen-large=\"Wednesday\">Wed<\/th>\n\t\t\t\t\t\t                        <th class=\"simcal-week-day simcal-week-day-4\"\n                            data-screen-small=\"T\"\n                            data-screen-medium=\"Thu\"\n                            data-screen-large=\"Thursday\">Thu<\/th>\n\t\t\t\t\t\t                        <th class=\"simcal-week-day simcal-week-day-5\"\n                            data-screen-small=\"F\"\n                            data-screen-medium=\"Fri\"\n                            data-screen-large=\"Friday\">Fri<\/th>\n\t\t\t\t\t\t                        <th class=\"simcal-week-day simcal-week-day-6\"\n                            data-screen-small=\"S\"\n                            data-screen-medium=\"Sat\"\n                            data-screen-large=\"Saturday\">Sat<\/th>\n\t\t\t\t\t\t                            <th class=\"simcal-week-day simcal-week-day-0\"\n                                data-screen-small=\"S\"\n                                data-screen-medium=\"Sun\"\n                                data-screen-large=\"Sunday\">Sun<\/th>\n\t\t\t\t\t\t\t                <\/tr>\n                <\/thead>\n\n\t\t\t\t<tbody class=\"simcal-month simcal-month-5\">\n\t<tr class=\"simcal-week simcal-week-18\"><td class=\"simcal-day simcal-day-void \"><\/td>\n<td class=\"simcal-day simcal-day-void \"><\/td>\n<td class=\"simcal-day simcal-day-void \"><\/td>\n<td class=\"simcal-day simcal-day-void simcal-day-void-last\"><\/td>\n<td class=\"simcal-day-1 simcal-weekday-5 simcal-past simcal-day\" data-events-count=\"0\">\n\t<div>\n\t\t<span class=\"simcal-day-label simcal-day-number\">1<\/span>\n\t\t<span class=\"simcal-no-events\"><\/span>\n\t\t<span class=\"simcal-events-dots\" style=\"display: none;\"><\/span>\n\t<\/div>\n<\/td>\n<td class=\"simcal-day-2 simcal-weekday-6 simcal-past simcal-day\" data-events-count=\"0\">\n\t<div>\n\t\t<span class=\"simcal-day-label simcal-day-number\">2<\/span>\n\t\t<span class=\"simcal-no-events\"><\/span>\n\t\t<span class=\"simcal-events-dots\" style=\"display: none;\"><\/span>\n\t<\/div>\n<\/td>\n<td class=\"simcal-day-3 simcal-weekday-0 simcal-past simcal-day\" data-events-count=\"0\">\n\t<div>\n\t\t<span class=\"simcal-day-label simcal-day-number\">3<\/span>\n\t\t<span class=\"simcal-no-events\"><\/span>\n\t\t<span class=\"simcal-events-dots\" style=\"display: none;\"><\/span>\n\t<\/div>\n<\/td>\n<\/tr><tr class=\"simcal-week simcal-week-18\">\n<td class=\"simcal-day-4 simcal-weekday-1 simcal-past simcal-day\" data-events-count=\"0\">\n\t<div>\n\t\t<span class=\"simcal-day-label simcal-day-number\">4<\/span>\n\t\t<span class=\"simcal-no-events\"><\/span>\n\t\t<span class=\"simcal-events-dots\" style=\"display: none;\"><\/span>\n\t<\/div>\n<\/td>\n<td class=\"simcal-day-5 simcal-weekday-2 simcal-today simcal-present simcal-day\" data-events-count=\"0\">\n\t<div style=\"border: 1px solid #d6d6d6;\">\n\t\t<span class=\"simcal-day-label simcal-day-number\" style=\"background-color: #d6d6d6; color: #000000\">5<\/span>\n\t\t<span class=\"simcal-no-events\"><\/span>\n\t\t<span class=\"simcal-events-dots\" style=\"display: none;\"><\/span>\n\t<\/div>\n<\/td>\n<td class=\"simcal-day-6 simcal-weekday-3 simcal-future simcal-day\" data-events-count=\"0\">\n\t<div>\n\t\t<span class=\"simcal-day-label simcal-day-number\">6<\/span>\n\t\t<span class=\"simcal-no-events\"><\/span>\n\t\t<span class=\"simcal-events-dots\" style=\"display: none;\"><\/span>\n\t<\/div>\n<\/td>\n<td class=\"simcal-day-7 simcal-weekday-4 simcal-future simcal-day\" data-events-count=\"0\">\n\t<div>\n\t\t<span class=\"simcal-day-label simcal-day-number\">7<\/span>\n\t\t<span class=\"simcal-no-events\"><\/span>\n\t\t<span class=\"simcal-events-dots\" style=\"display: none;\"><\/span>\n\t<\/div>\n<\/td>\n<td class=\"simcal-day-8 simcal-weekday-5 simcal-future simcal-day\" data-events-count=\"0\">\n\t<div>\n\t\t<span class=\"simcal-day-label simcal-day-number\">8<\/span>\n\t\t<span class=\"simcal-no-events\"><\/span>\n\t\t<span class=\"simcal-events-dots\" style=\"display: none;\"><\/span>\n\t<\/div>\n<\/td>\n<td class=\"simcal-day-9 simcal-weekday-6 simcal-future simcal-day\" data-events-count=\"0\">\n\t<div>\n\t\t<span class=\"simcal-day-label simcal-day-number\">9<\/span>\n\t\t<span class=\"simcal-no-events\"><\/span>\n\t\t<span class=\"simcal-events-dots\" style=\"display: none;\"><\/span>\n\t<\/div>\n<\/td>\n<td class=\"simcal-day-10 simcal-weekday-0 simcal-future simcal-day simcal-day-has-events simcal-day-has-1-events simcal-events-calendar-19\" data-events-count=\"1\">\n\t<div>\n\t\t<span class=\"simcal-day-label simcal-day-number\" style=\"background-color: #fc3a3a; color: #ffffff\">10<\/span>\n\t\t<ul class=\"simcal-events\">\t<li class=\"simcal-event simcal-event-has-location simcal-events-calendar-19 simcal-tooltip\" itemscope itemtype=\"http:\/\/schema.org\/Event\">\n\t\t<span class=\"simcal-event-title\">IPSC f\u00e6llestr\u00e6ning<\/span>\n\t\t<div class=\"simcal-event-details simcal-tooltip-content\" style=\"display: none;\"><p><strong><span class=\"simcal-event-title\" itemprop=\"name\">IPSC f\u00e6llestr\u00e6ning<\/span><\/strong><\/p>\n<p><span class=\"simcal-event-start simcal-event-start-date\" data-event-start=\"1778396400\" data-event-format=\"d\/m\/Y\" itemprop=\"startDate\" content=\"2026-05-10T09:00:00+02:00\">10\/05\/2026<\/span>&nbsp;&nbsp;<span class=\"simcal-event-start simcal-event-start-time\" data-event-start=\"1778396400\" data-event-format=\"H:i\" itemprop=\"startDate\" content=\"2026-05-10T09:00:00+02:00\">09:00<\/span> - <span class=\"simcal-event-end simcal-event-end-time\" data-event-end=\"1778407200\" data-event-format=\"H:i\" itemprop=\"endDate\" content=\"2026-05-10T12:00:00+02:00\">12:00<\/span><br \/>\n <span class=\"simcal-event-address simcal-event-start-location\" itemprop=\"location\" itemscope itemtype=\"http:\/\/schema.org\/Place\"><meta itemprop=\"name\" content=\"Vingstedvej 27, 7182 Bredsten, Denmark\" \/><meta itemprop=\"address\" content=\"Vingstedvej 27, 7182 Bredsten, Denmark\" \/>Vingstedvej 27, 7182 Bredsten, Denmark<\/span><\/p>\n<p><\/p>\n<p> <a href=\"https:\/\/www.google.com\/calendar\/event?eid=NTQ5MmpmbDdraDhjbDBvc3JnbGQ0bmUzaTMgZHNvZWthbGVuZGVyQG0&#038;ctz=Europe\/Copenhagen\" target=\"_blank\" >Se detaljer<\/a><\/p><\/div>\n\t<\/li>\n<\/ul>\n\n\t\t<span class=\"simcal-events-dots\" style=\"display: none;\"><b style=\"color: #000;\"> &bull; <\/b><\/span>\n\t<\/div>\n<\/td>\n<\/tr><tr class=\"simcal-week simcal-week-19\">\n<td class=\"simcal-day-11 simcal-weekday-1 simcal-future simcal-day\" data-events-count=\"0\">\n\t<div>\n\t\t<span class=\"simcal-day-label simcal-day-number\">11<\/span>\n\t\t<span class=\"simcal-no-events\"><\/span>\n\t\t<span class=\"simcal-events-dots\" style=\"display: none;\"><\/span>\n\t<\/div>\n<\/td>\n<td class=\"simcal-day-12 simcal-weekday-2 simcal-future simcal-day\" data-events-count=\"0\">\n\t<div>\n\t\t<span class=\"simcal-day-label simcal-day-number\">12<\/span>\n\t\t<span class=\"simcal-no-events\"><\/span>\n\t\t<span class=\"simcal-events-dots\" style=\"display: none;\"><\/span>\n\t<\/div>\n<\/td>\n<td class=\"simcal-day-13 simcal-weekday-3 simcal-future simcal-day\" data-events-count=\"0\">\n\t<div>\n\t\t<span class=\"simcal-day-label simcal-day-number\">13<\/span>\n\t\t<span class=\"simcal-no-events\"><\/span>\n\t\t<span class=\"simcal-events-dots\" style=\"display: none;\"><\/span>\n\t<\/div>\n<\/td>\n<td class=\"simcal-day-14 simcal-weekday-4 simcal-future simcal-day\" data-events-count=\"0\">\n\t<div>\n\t\t<span class=\"simcal-day-label simcal-day-number\">14<\/span>\n\t\t<span class=\"simcal-no-events\"><\/span>\n\t\t<span class=\"simcal-events-dots\" style=\"display: none;\"><\/span>\n\t<\/div>\n<\/td>\n<td class=\"simcal-day-15 simcal-weekday-5 simcal-future simcal-day\" data-events-count=\"0\">\n\t<div>\n\t\t<span class=\"simcal-day-label simcal-day-number\">15<\/span>\n\t\t<span class=\"simcal-no-events\"><\/span>\n\t\t<span class=\"simcal-events-dots\" style=\"display: none;\"><\/span>\n\t<\/div>\n<\/td>\n<td class=\"simcal-day-16 simcal-weekday-6 simcal-future simcal-day\" data-events-count=\"0\">\n\t<div>\n\t\t<span class=\"simcal-day-label simcal-day-number\">16<\/span>\n\t\t<span class=\"simcal-no-events\"><\/span>\n\t\t<span class=\"simcal-events-dots\" style=\"display: none;\"><\/span>\n\t<\/div>\n<\/td>\n<td class=\"simcal-day-17 simcal-weekday-0 simcal-future simcal-day\" data-events-count=\"0\">\n\t<div>\n\t\t<span class=\"simcal-day-label simcal-day-number\">17<\/span>\n\t\t<span class=\"simcal-no-events\"><\/span>\n\t\t<span class=\"simcal-events-dots\" style=\"display: none;\"><\/span>\n\t<\/div>\n<\/td>\n<\/tr><tr class=\"simcal-week simcal-week-20\">\n<td class=\"simcal-day-18 simcal-weekday-1 simcal-future simcal-day\" data-events-count=\"0\">\n\t<div>\n\t\t<span class=\"simcal-day-label simcal-day-number\">18<\/span>\n\t\t<span class=\"simcal-no-events\"><\/span>\n\t\t<span class=\"simcal-events-dots\" style=\"display: none;\"><\/span>\n\t<\/div>\n<\/td>\n<td class=\"simcal-day-19 simcal-weekday-2 simcal-future simcal-day\" data-events-count=\"0\">\n\t<div>\n\t\t<span class=\"simcal-day-label simcal-day-number\">19<\/span>\n\t\t<span class=\"simcal-no-events\"><\/span>\n\t\t<span class=\"simcal-events-dots\" style=\"display: none;\"><\/span>\n\t<\/div>\n<\/td>\n<td class=\"simcal-day-20 simcal-weekday-3 simcal-future simcal-day\" data-events-count=\"0\">\n\t<div>\n\t\t<span class=\"simcal-day-label simcal-day-number\">20<\/span>\n\t\t<span class=\"simcal-no-events\"><\/span>\n\t\t<span class=\"simcal-events-dots\" style=\"display: none;\"><\/span>\n\t<\/div>\n<\/td>\n<td class=\"simcal-day-21 simcal-weekday-4 simcal-future simcal-day\" data-events-count=\"0\">\n\t<div>\n\t\t<span class=\"simcal-day-label simcal-day-number\">21<\/span>\n\t\t<span class=\"simcal-no-events\"><\/span>\n\t\t<span class=\"simcal-events-dots\" style=\"display: none;\"><\/span>\n\t<\/div>\n<\/td>\n<td class=\"simcal-day-22 simcal-weekday-5 simcal-future simcal-day\" data-events-count=\"0\">\n\t<div>\n\t\t<span class=\"simcal-day-label simcal-day-number\">22<\/span>\n\t\t<span class=\"simcal-no-events\"><\/span>\n\t\t<span class=\"simcal-events-dots\" style=\"display: none;\"><\/span>\n\t<\/div>\n<\/td>\n<td class=\"simcal-day-23 simcal-weekday-6 simcal-future simcal-day simcal-day-has-events simcal-day-has-1-events simcal-events-calendar-19\" data-events-count=\"1\">\n\t<div>\n\t\t<span class=\"simcal-day-label simcal-day-number\" style=\"background-color: #fc3a3a; color: #ffffff\">23<\/span>\n\t\t<ul class=\"simcal-events\">\t<li class=\"simcal-event simcal-event-has-location simcal-events-calendar-19 simcal-tooltip\" itemscope itemtype=\"http:\/\/schema.org\/Event\">\n\t\t<span class=\"simcal-event-title\">IPSC f\u00e6llestr\u00e6ning<\/span>\n\t\t<div class=\"simcal-event-details simcal-tooltip-content\" style=\"display: none;\"><p><strong><span class=\"simcal-event-title\" itemprop=\"name\">IPSC f\u00e6llestr\u00e6ning<\/span><\/strong><\/p>\n<p><span class=\"simcal-event-start simcal-event-start-date\" data-event-start=\"1779519600\" data-event-format=\"d\/m\/Y\" itemprop=\"startDate\" content=\"2026-05-23T09:00:00+02:00\">23\/05\/2026<\/span>&nbsp;&nbsp;<span class=\"simcal-event-start simcal-event-start-time\" data-event-start=\"1779519600\" data-event-format=\"H:i\" itemprop=\"startDate\" content=\"2026-05-23T09:00:00+02:00\">09:00<\/span> - <span class=\"simcal-event-end simcal-event-end-time\" data-event-end=\"1779530400\" data-event-format=\"H:i\" itemprop=\"endDate\" content=\"2026-05-23T12:00:00+02:00\">12:00<\/span><br \/>\n <span class=\"simcal-event-address simcal-event-start-location\" itemprop=\"location\" itemscope itemtype=\"http:\/\/schema.org\/Place\"><meta itemprop=\"name\" content=\"Vingstedvej 27, 7182 Bredsten, Denmark\" \/><meta itemprop=\"address\" content=\"Vingstedvej 27, 7182 Bredsten, Denmark\" \/>Vingstedvej 27, 7182 Bredsten, Denmark<\/span><\/p>\n<p><\/p>\n<p> <a href=\"https:\/\/www.google.com\/calendar\/event?eid=MjY0ZGNnZmdnOGQyOTdhMzFqOW1rNjc5ZGEgZHNvZWthbGVuZGVyQG0&#038;ctz=Europe\/Copenhagen\" target=\"_blank\" >Se detaljer<\/a><\/p><\/div>\n\t<\/li>\n<\/ul>\n\n\t\t<span class=\"simcal-events-dots\" style=\"display: none;\"><b style=\"color: #000;\"> &bull; <\/b><\/span>\n\t<\/div>\n<\/td>\n<td class=\"simcal-day-24 simcal-weekday-0 simcal-future simcal-day\" data-events-count=\"0\">\n\t<div>\n\t\t<span class=\"simcal-day-label simcal-day-number\">24<\/span>\n\t\t<span class=\"simcal-no-events\"><\/span>\n\t\t<span class=\"simcal-events-dots\" style=\"display: none;\"><\/span>\n\t<\/div>\n<\/td>\n<\/tr><tr class=\"simcal-week simcal-week-21\">\n<td class=\"simcal-day-25 simcal-weekday-1 simcal-future simcal-day\" data-events-count=\"0\">\n\t<div>\n\t\t<span class=\"simcal-day-label simcal-day-number\">25<\/span>\n\t\t<span class=\"simcal-no-events\"><\/span>\n\t\t<span class=\"simcal-events-dots\" style=\"display: none;\"><\/span>\n\t<\/div>\n<\/td>\n<td class=\"simcal-day-26 simcal-weekday-2 simcal-future simcal-day\" data-events-count=\"0\">\n\t<div>\n\t\t<span class=\"simcal-day-label simcal-day-number\">26<\/span>\n\t\t<span class=\"simcal-no-events\"><\/span>\n\t\t<span class=\"simcal-events-dots\" style=\"display: none;\"><\/span>\n\t<\/div>\n<\/td>\n<td class=\"simcal-day-27 simcal-weekday-3 simcal-future simcal-day\" data-events-count=\"0\">\n\t<div>\n\t\t<span class=\"simcal-day-label simcal-day-number\">27<\/span>\n\t\t<span class=\"simcal-no-events\"><\/span>\n\t\t<span class=\"simcal-events-dots\" style=\"display: none;\"><\/span>\n\t<\/div>\n<\/td>\n<td class=\"simcal-day-28 simcal-weekday-4 simcal-future simcal-day\" data-events-count=\"0\">\n\t<div>\n\t\t<span class=\"simcal-day-label simcal-day-number\">28<\/span>\n\t\t<span class=\"simcal-no-events\"><\/span>\n\t\t<span class=\"simcal-events-dots\" style=\"display: none;\"><\/span>\n\t<\/div>\n<\/td>\n<td class=\"simcal-day-29 simcal-weekday-5 simcal-future simcal-day\" data-events-count=\"0\">\n\t<div>\n\t\t<span class=\"simcal-day-label simcal-day-number\">29<\/span>\n\t\t<span class=\"simcal-no-events\"><\/span>\n\t\t<span class=\"simcal-events-dots\" style=\"display: none;\"><\/span>\n\t<\/div>\n<\/td>\n<td class=\"simcal-day-30 simcal-weekday-6 simcal-future simcal-day\" data-events-count=\"0\">\n\t<div>\n\t\t<span class=\"simcal-day-label simcal-day-number\">30<\/span>\n\t\t<span class=\"simcal-no-events\"><\/span>\n\t\t<span class=\"simcal-events-dots\" style=\"display: none;\"><\/span>\n\t<\/div>\n<\/td>\n<td class=\"simcal-day-31 simcal-weekday-0 simcal-future simcal-day\" data-events-count=\"0\">\n\t<div>\n\t\t<span class=\"simcal-day-label simcal-day-number\">31<\/span>\n\t\t<span class=\"simcal-no-events\"><\/span>\n\t\t<span class=\"simcal-events-dots\" style=\"display: none;\"><\/span>\n\t<\/div>\n<\/td>\n<\/tr><td class=\"simcal-day simcal-day-void \"><\/td>\n<td class=\"simcal-day simcal-day-void \"><\/td>\n<td class=\"simcal-day simcal-day-void \"><\/td>\n<td class=\"simcal-day simcal-day-void \"><\/td>\n<td class=\"simcal-day simcal-day-void \"><\/td>\n<td class=\"simcal-day simcal-day-void \"><\/td>\n<td class=\"simcal-day simcal-day-void simcal-day-void-last\"><\/td>\n\t<\/tr>\n<\/tbody>\n\t \t\t\t\n            <\/table>\n\n\t\t\t<\/div><\/div>\n\t\t\t\t\t\t<\/div>\n\t\t\t\t<\/div>\n\t\t\t\t\t<\/div>\n\t\t\t\t<\/div>\n\t\t\t\t<\/div>\n\t\t","protected":false},"excerpt":{"rendered":"<p>DS\u00d8 &#8211; Event og Tr\u00e6ning<\/p>\n","protected":false},"author":3,"featured_media":0,"parent":0,"menu_order":0,"comment_status":"closed","ping_status":"closed","template":"elementor_header_footer","meta":{"footnotes":""},"class_list":["post-491","page","type-page","status-publish","hentry"],"yoast_head":"<!-- This site is optimized with the Yoast SEO plugin v26.1.1 - https:\/\/yoast.com\/wordpress\/plugins\/seo\/ -->\n<title>Kalender - Dynamiske Sportsskytter i \u00d8stjylland<\/title>\n<meta name=\"robots\" content=\"index, follow, max-snippet:-1, max-image-preview:large, max-video-preview:-1\" \/>\n<link rel=\"canonical\" href=\"https:\/\/dsoe.dk\/?page_id=491\" \/>\n<meta property=\"og:locale\" content=\"en_US\" \/>\n<meta property=\"og:type\" content=\"article\" \/>\n<meta property=\"og:title\" content=\"Kalender - Dynamiske Sportsskytter i \u00d8stjylland\" \/>\n<meta property=\"og:description\" content=\"DS\u00d8 &#8211; Event og Tr\u00e6ning\" \/>\n<meta property=\"og:url\" content=\"https:\/\/dsoe.dk\/?page_id=491\" \/>\n<meta property=\"og:site_name\" content=\"Dynamiske Sportsskytter i \u00d8stjylland\" \/>\n<meta property=\"article:publisher\" content=\"https:\/\/www.facebook.com\/dsoedk\/\" \/>\n<meta property=\"article:modified_time\" content=\"2025-04-15T08:36:52+00:00\" \/>\n<meta name=\"twitter:card\" content=\"summary_large_image\" \/>\n<script type=\"application\/ld+json\" class=\"yoast-schema-graph\">{\"@context\":\"https:\/\/schema.org\",\"@graph\":[{\"@type\":\"WebPage\",\"@id\":\"https:\/\/dsoe.dk\/?page_id=491\",\"url\":\"https:\/\/dsoe.dk\/?page_id=491\",\"name\":\"Kalender - Dynamiske Sportsskytter i \u00d8stjylland\",\"isPartOf\":{\"@id\":\"https:\/\/dsoe.dk\/#website\"},\"datePublished\":\"2025-04-15T08:18:33+00:00\",\"dateModified\":\"2025-04-15T08:36:52+00:00\",\"breadcrumb\":{\"@id\":\"https:\/\/dsoe.dk\/?page_id=491#breadcrumb\"},\"inLanguage\":\"en-US\",\"potentialAction\":[{\"@type\":\"ReadAction\",\"target\":[\"https:\/\/dsoe.dk\/?page_id=491\"]}]},{\"@type\":\"BreadcrumbList\",\"@id\":\"https:\/\/dsoe.dk\/?page_id=491#breadcrumb\",\"itemListElement\":[{\"@type\":\"ListItem\",\"position\":1,\"name\":\"Home\",\"item\":\"https:\/\/dsoe.dk\/\"},{\"@type\":\"ListItem\",\"position\":2,\"name\":\"Kalender\"}]},{\"@type\":\"WebSite\",\"@id\":\"https:\/\/dsoe.dk\/#website\",\"url\":\"https:\/\/dsoe.dk\/\",\"name\":\"Dynamiske Sportsskytter i \u00d8stjylland\",\"description\":\"IPSC skydning for alle\",\"publisher\":{\"@id\":\"https:\/\/dsoe.dk\/#organization\"},\"potentialAction\":[{\"@type\":\"SearchAction\",\"target\":{\"@type\":\"EntryPoint\",\"urlTemplate\":\"https:\/\/dsoe.dk\/?s={search_term_string}\"},\"query-input\":{\"@type\":\"PropertyValueSpecification\",\"valueRequired\":true,\"valueName\":\"search_term_string\"}}],\"inLanguage\":\"en-US\"},{\"@type\":\"Organization\",\"@id\":\"https:\/\/dsoe.dk\/#organization\",\"name\":\"Dynamiske Sportsskytter i \u00d8stjylland\",\"url\":\"https:\/\/dsoe.dk\/\",\"logo\":{\"@type\":\"ImageObject\",\"inLanguage\":\"en-US\",\"@id\":\"https:\/\/dsoe.dk\/#\/schema\/logo\/image\/\",\"url\":\"https:\/\/dsoe.dk\/wp-content\/uploads\/2025\/04\/DSO-logo-2025-4-13-nr2.png\",\"contentUrl\":\"https:\/\/dsoe.dk\/wp-content\/uploads\/2025\/04\/DSO-logo-2025-4-13-nr2.png\",\"width\":2048,\"height\":2048,\"caption\":\"Dynamiske Sportsskytter i \u00d8stjylland\"},\"image\":{\"@id\":\"https:\/\/dsoe.dk\/#\/schema\/logo\/image\/\"},\"sameAs\":[\"https:\/\/www.facebook.com\/dsoedk\/\"]}]}<\/script>\n<!-- \/ Yoast SEO plugin. -->","yoast_head_json":{"title":"Kalender - Dynamiske Sportsskytter i \u00d8stjylland","robots":{"index":"index","follow":"follow","max-snippet":"max-snippet:-1","max-image-preview":"max-image-preview:large","max-video-preview":"max-video-preview:-1"},"canonical":"https:\/\/dsoe.dk\/?page_id=491","og_locale":"en_US","og_type":"article","og_title":"Kalender - Dynamiske Sportsskytter i \u00d8stjylland","og_description":"DS\u00d8 &#8211; Event og Tr\u00e6ning","og_url":"https:\/\/dsoe.dk\/?page_id=491","og_site_name":"Dynamiske Sportsskytter i \u00d8stjylland","article_publisher":"https:\/\/www.facebook.com\/dsoedk\/","article_modified_time":"2025-04-15T08:36:52+00:00","twitter_card":"summary_large_image","schema":{"@context":"https:\/\/schema.org","@graph":[{"@type":"WebPage","@id":"https:\/\/dsoe.dk\/?page_id=491","url":"https:\/\/dsoe.dk\/?page_id=491","name":"Kalender - Dynamiske Sportsskytter i \u00d8stjylland","isPartOf":{"@id":"https:\/\/dsoe.dk\/#website"},"datePublished":"2025-04-15T08:18:33+00:00","dateModified":"2025-04-15T08:36:52+00:00","breadcrumb":{"@id":"https:\/\/dsoe.dk\/?page_id=491#breadcrumb"},"inLanguage":"en-US","potentialAction":[{"@type":"ReadAction","target":["https:\/\/dsoe.dk\/?page_id=491"]}]},{"@type":"BreadcrumbList","@id":"https:\/\/dsoe.dk\/?page_id=491#breadcrumb","itemListElement":[{"@type":"ListItem","position":1,"name":"Home","item":"https:\/\/dsoe.dk\/"},{"@type":"ListItem","position":2,"name":"Kalender"}]},{"@type":"WebSite","@id":"https:\/\/dsoe.dk\/#website","url":"https:\/\/dsoe.dk\/","name":"Dynamiske Sportsskytter i \u00d8stjylland","description":"IPSC skydning for alle","publisher":{"@id":"https:\/\/dsoe.dk\/#organization"},"potentialAction":[{"@type":"SearchAction","target":{"@type":"EntryPoint","urlTemplate":"https:\/\/dsoe.dk\/?s={search_term_string}"},"query-input":{"@type":"PropertyValueSpecification","valueRequired":true,"valueName":"search_term_string"}}],"inLanguage":"en-US"},{"@type":"Organization","@id":"https:\/\/dsoe.dk\/#organization","name":"Dynamiske Sportsskytter i \u00d8stjylland","url":"https:\/\/dsoe.dk\/","logo":{"@type":"ImageObject","inLanguage":"en-US","@id":"https:\/\/dsoe.dk\/#\/schema\/logo\/image\/","url":"https:\/\/dsoe.dk\/wp-content\/uploads\/2025\/04\/DSO-logo-2025-4-13-nr2.png","contentUrl":"https:\/\/dsoe.dk\/wp-content\/uploads\/2025\/04\/DSO-logo-2025-4-13-nr2.png","width":2048,"height":2048,"caption":"Dynamiske Sportsskytter i \u00d8stjylland"},"image":{"@id":"https:\/\/dsoe.dk\/#\/schema\/logo\/image\/"},"sameAs":["https:\/\/www.facebook.com\/dsoedk\/"]}]}},"_links":{"self":[{"href":"https:\/\/dsoe.dk\/index.php?rest_route=\/wp\/v2\/pages\/491","targetHints":{"allow":["GET"]}}],"collection":[{"href":"https:\/\/dsoe.dk\/index.php?rest_route=\/wp\/v2\/pages"}],"about":[{"href":"https:\/\/dsoe.dk\/index.php?rest_route=\/wp\/v2\/types\/page"}],"author":[{"embeddable":true,"href":"https:\/\/dsoe.dk\/index.php?rest_route=\/wp\/v2\/users\/3"}],"replies":[{"embeddable":true,"href":"https:\/\/dsoe.dk\/index.php?rest_route=%2Fwp%2Fv2%2Fcomments&post=491"}],"version-history":[{"count":34,"href":"https:\/\/dsoe.dk\/index.php?rest_route=\/wp\/v2\/pages\/491\/revisions"}],"predecessor-version":[{"id":529,"href":"https:\/\/dsoe.dk\/index.php?rest_route=\/wp\/v2\/pages\/491\/revisions\/529"}],"wp:attachment":[{"href":"https:\/\/dsoe.dk\/index.php?rest_route=%2Fwp%2Fv2%2Fmedia&parent=491"}],"curies":[{"name":"wp","href":"https:\/\/api.w.org\/{rel}","templated":true}]}}